{"id":17,"date":"2022-06-26T10:25:03","date_gmt":"2022-06-26T10:25:03","guid":{"rendered":"https:\/\/expertise.stieve.com\/?page_id=17"},"modified":"2026-04-04T14:29:52","modified_gmt":"2026-04-04T14:29:52","slug":"ueber-mich-und-meine-arbeit","status":"publish","type":"page","link":"https:\/\/expertise.stieve.com\/gb\/ueber-mich-und-meine-arbeit","title":{"rendered":"\u00dcber mich und Experstieve"},"content":{"rendered":"<figure class=\"wp-block-image size-full\"><img loading=\"lazy\" decoding=\"async\" width=\"761\" height=\"400\" class=\"wp-image-184\" src=\"https:\/\/expertise.stieve.com\/wp-content\/uploads\/2022\/07\/belinde-ruth-stieve_by_dagmar-morath.png\" alt=\"A blonde woman with long hair, wearing a blue blouse, smiling\" srcset=\"https:\/\/expertise.stieve.com\/wp-content\/uploads\/2022\/07\/belinde-ruth-stieve_by_dagmar-morath.png 761w, https:\/\/expertise.stieve.com\/wp-content\/uploads\/2022\/07\/belinde-ruth-stieve_by_dagmar-morath-300x158.png 300w\" sizes=\"auto, (max-width: 761px) 100vw, 761px\" \/>\n<figcaption class=\"wp-element-caption\">Belinde Ruth Stieve. Foto: Dagmar Morath<\/figcaption><\/figure>\n<!-- \/wp:post-content -->\n\n<!-- wp:heading -->\n<h2 class=\"wp-block-heading\">Belinde Ruth Stieve &#8211; Expertin f\u00fcr Gleichberechtigung &amp; Vielfalt<\/h2>\n<h3 class=\"wp-block-heading\">Erfinderin von NEROPA Neutrale Rollen Parit\u00e4t.\nAutorin der &#8220;Serienstudie 2022 Wer schrieb die deutschen Serien 2017 bis 2021?&#8221;\nAutorin und Konzeptionistin ffd PQF Ratgeber und Informationsportal Familienfreundliches Drehen 2024.<\/h3>\n<h3 class=\"wp-block-heading\">Schauspielerin f\u00fcr Film, Fernsehen und B\u00fchne. Sprecherin. Autorin.<\/h3>\n<h4 class=\"wp-block-heading\">Hamburgerin. Linksh\u00e4nderin.<\/h4>\nSeit Schauspielschultagen ist mir bewusst, dass es in \u2013 nicht nur klassischen \u2013 Theaterst\u00fccken meist erheblich mehr M\u00e4nner- als Frauenrollen gibt. Gleiches gilt f\u00fcr Film- und Fernsehdrehb\u00fccher. Mit 40 gingen Angebote f\u00fcr Film- und Fernsehrollen an mich deutlich zur\u00fcck. Woran liegt das? Ich begann, systematisch Rollenlisten von Filmproduktionen auszuwerten. Und tats\u00e4chlich, das ohnehin schon vorhandene Rollenungleichgewicht der Geschlechter wird ab 40 noch gr\u00f6\u00dfer.\n\nSeit dem analysierte und kommentiere ich u.a. Film- und Fernsehproduktionen, Festival-Lineups, F\u00f6rderentscheide, Nominierungslisten und Drehb\u00fccher. Ein besonderes Augenmerk lege ich hierbei auf die unterschiedliche Teilhabe und Situation von Frauen und M\u00e4nnern vor und hinter der Kamera sowie auf gesellschaftliche Repr\u00e4sentanz marginalisierter Gruppen. Zahlen sind wichtig, um (Nicht-)Sichtbarkeit zu belegen, als Grundlage und Ansto\u00df f\u00fcr Handeln.\n<h3>Etappen (Auswahl):<\/h3>\n2013 ging ich mein deutsch-englisches Blog \u201e<strong><a href=\"https:\/\/schspin.wordpress.com\/\" target=\"_blank\" rel=\"noreferrer noopener\">SchspIN<\/a><\/strong><a href=\"https:\/\/schspin.wordpress.com\/\" target=\"_blank\" rel=\"noreferrer noopener\"> \u2013 Gedanken einer Schauspielerin<\/a>\u201c zu gender- und medienpolitischen Themen an den Start. Hier ver\u00f6ffentliche ich einen gro\u00dfen Teil meiner Analysen und Betrachtungen.\n\n2016 habe ich die Methode <a href=\"https:\/\/neropa.stieve.com\">NEROPA (TM) &#8211; Neutrale Rollen Parit\u00e4t<\/a> erfunden, um das Geschlechterungleichgewicht in Gruppen abzubauen, z.B. in Drehb\u00fcchern, Romanen, Panels und Games, und damit speziell der Benachteiligung und Nichtber\u00fccksichtigung von Frauen gegenzusteuern.\n\n2022 habe ich im Auftrag der Autorinnen Kristin Derfler und Annette Hess die <a href=\"https:\/\/schspin.stieve.com\/2022\/05\/16\/stieve-serienstudie-2022\/\" target=\"_blank\" rel=\"noopener\">Serienstudie 2022<\/a> ver\u00f6ffentlicht.\n\n2024 habe ich im Auftrag von Pro Quote Film die Webseite <a href=\"https:\/\/ffd.proquote-film.de\/\" target=\"_blank\" rel=\"noopener\">ffd PQF<\/a> &#8211; Ratgeber und Informationsportal familienfreundliches Drehen &#8211; entwickelt.\n\n2026 habe ich die Kampagne Was wenn sie lebt. vorgestellt, die ab sofort mein Vortrags- und Workshopangebot erweitert.\n<h3>Angebote (Auswahl):<\/h3>\nNeben Auftragswerken wie zum Beispiel Analysen und umfangreichere Studien halte ich regelm\u00e4\u00dfig Vortr\u00e4ge, nehme an Panels teil, berate Firmen, Redaktionen, Organisation, Veranstaltungen u.a.m. und gebe l\u00f6sungsorientierte Workshops.\n\n<!-- \/wp:heading -->\n\n<!-- wp:buttons -->\n<div class=\"wp-block-buttons\"><\/div>\n<!-- \/wp:buttons -->","protected":false},"excerpt":{"rendered":"<p>Belinde Ruth Stieve. Foto: Dagmar Morath Belinde Ruth Stieve &#8211; Expertin f\u00fcr Gleichberechtigung &amp; Vielfalt Erfinderin von NEROPA Neutrale Rollen Parit\u00e4t. Autorin der &#8220;Serienstudie 2022 Wer schrieb die deutschen Serien 2017 bis 2021?&#8221; Autorin und Konzeptionistin ffd PQF Ratgeber und Informationsportal Familienfreundliches Drehen 2024. Schauspielerin f\u00fcr Film, Fernsehen und B\u00fchne. Sprecherin. Autorin. Hamburgerin. Linksh\u00e4nderin. Seit [&hellip;]<\/p>\n","protected":false},"author":1,"featured_media":0,"parent":0,"menu_order":0,"comment_status":"closed","ping_status":"closed","template":"","meta":{"iawp_total_views":85,"footnotes":""},"class_list":["post-17","page","type-page","status-publish","czr-hentry"],"translation":{"provider":"WPGlobus","version":"3.0.2","language":"gb","enabled_languages":["de","gb"],"languages":{"de":{"title":true,"content":true,"excerpt":false},"gb":{"title":false,"content":false,"excerpt":false}}},"yoast_head":"<!-- This site is optimized with the Yoast SEO plugin v27.3 - https:\/\/yoast.com\/product\/yoast-seo-wordpress\/ -->\n<title>\u00dcber mich und Experstieve - Experstieve - Equality &amp; Diversity<\/title>\n<meta name=\"robots\" content=\"index, follow, max-snippet:-1, max-image-preview:large, max-video-preview:-1\" \/>\n<link rel=\"canonical\" href=\"https:\/\/expertise.stieve.com\/ueber-mich-und-meine-arbeit\" \/>\n<meta property=\"og:locale\" content=\"en_GB\" \/>\n<meta property=\"og:type\" content=\"article\" \/>\n<meta property=\"og:title\" content=\"\u00dcber mich und Experstieve - Experstieve - Equality &amp; Diversity\" \/>\n<meta property=\"og:url\" content=\"https:\/\/expertise.stieve.com\/ueber-mich-und-meine-arbeit\" \/>\n<meta property=\"og:site_name\" content=\"Experstieve - Equality &amp; Diversity\" \/>\n<meta property=\"article:modified_time\" content=\"2026-04-04T14:29:52+00:00\" \/>\n<meta property=\"og:image\" content=\"https:\/\/expertise.stieve.com\/wp-content\/uploads\/2022\/07\/belinde-ruth-stieve_by_dagmar-morath.png\" \/>\n\t<meta property=\"og:image:width\" content=\"761\" \/>\n\t<meta property=\"og:image:height\" content=\"400\" \/>\n\t<meta property=\"og:image:type\" content=\"image\/png\" \/>\n<meta name=\"twitter:card\" content=\"summary_large_image\" \/>\n<meta name=\"twitter:label1\" content=\"Est. reading time\" \/>\n\t<meta name=\"twitter:data1\" content=\"2 minutes\" \/>\n<script type=\"application\/ld+json\" class=\"yoast-schema-graph\">{\"@context\":\"https:\\\/\\\/schema.org\",\"@graph\":[{\"@type\":\"WebPage\",\"@id\":\"https:\\\/\\\/expertise.stieve.com\\\/ueber-mich-und-meine-arbeit\",\"url\":\"https:\\\/\\\/expertise.stieve.com\\\/ueber-mich-und-meine-arbeit\",\"name\":\"\u00dcber mich und Experstieve - Experstieve - Equality &amp; Diversity\",\"isPartOf\":{\"@id\":\"https:\\\/\\\/expertise.stieve.com\\\/#website\"},\"primaryImageOfPage\":{\"@id\":\"https:\\\/\\\/expertise.stieve.com\\\/ueber-mich-und-meine-arbeit#primaryimage\"},\"image\":{\"@id\":\"https:\\\/\\\/expertise.stieve.com\\\/ueber-mich-und-meine-arbeit#primaryimage\"},\"thumbnailUrl\":\"https:\\\/\\\/expertise.stieve.com\\\/wp-content\\\/uploads\\\/2022\\\/07\\\/belinde-ruth-stieve_by_dagmar-morath.png\",\"datePublished\":\"2022-06-26T10:25:03+00:00\",\"dateModified\":\"2026-04-04T14:29:52+00:00\",\"breadcrumb\":{\"@id\":\"https:\\\/\\\/expertise.stieve.com\\\/ueber-mich-und-meine-arbeit#breadcrumb\"},\"inLanguage\":\"en-GB\",\"potentialAction\":[{\"@type\":\"ReadAction\",\"target\":[\"https:\\\/\\\/expertise.stieve.com\\\/ueber-mich-und-meine-arbeit\"]}]},{\"@type\":\"ImageObject\",\"inLanguage\":\"en-GB\",\"@id\":\"https:\\\/\\\/expertise.stieve.com\\\/ueber-mich-und-meine-arbeit#primaryimage\",\"url\":\"https:\\\/\\\/expertise.stieve.com\\\/wp-content\\\/uploads\\\/2022\\\/07\\\/belinde-ruth-stieve_by_dagmar-morath.png\",\"contentUrl\":\"https:\\\/\\\/expertise.stieve.com\\\/wp-content\\\/uploads\\\/2022\\\/07\\\/belinde-ruth-stieve_by_dagmar-morath.png\"},{\"@type\":\"BreadcrumbList\",\"@id\":\"https:\\\/\\\/expertise.stieve.com\\\/ueber-mich-und-meine-arbeit#breadcrumb\",\"itemListElement\":[{\"@type\":\"ListItem\",\"position\":1,\"name\":\"Startseite\",\"item\":\"https:\\\/\\\/expertise.stieve.com\\\/\"},{\"@type\":\"ListItem\",\"position\":2,\"name\":\"\u00dcber mich und Experstieve\"}]},{\"@type\":\"WebSite\",\"@id\":\"https:\\\/\\\/expertise.stieve.com\\\/#website\",\"url\":\"https:\\\/\\\/expertise.stieve.com\\\/\",\"name\":\"Experstieve - Equality &amp; Diversity\",\"description\":\"Belinde Ruth Stieve\",\"publisher\":{\"@id\":\"https:\\\/\\\/expertise.stieve.com\\\/#organization\"},\"potentialAction\":[{\"@type\":\"SearchAction\",\"target\":{\"@type\":\"EntryPoint\",\"urlTemplate\":\"https:\\\/\\\/expertise.stieve.com\\\/?s={search_term_string}\"},\"query-input\":{\"@type\":\"PropertyValueSpecification\",\"valueRequired\":true,\"valueName\":\"search_term_string\"}}],\"inLanguage\":\"en-GB\"},{\"@type\":\"Organization\",\"@id\":\"https:\\\/\\\/expertise.stieve.com\\\/#organization\",\"name\":\"Experstieve - Equality &amp; Diversity\",\"url\":\"https:\\\/\\\/expertise.stieve.com\\\/\",\"logo\":{\"@type\":\"ImageObject\",\"inLanguage\":\"en-GB\",\"@id\":\"https:\\\/\\\/expertise.stieve.com\\\/#\\\/schema\\\/logo\\\/image\\\/\",\"url\":\"https:\\\/\\\/expertise.stieve.com\\\/wp-content\\\/uploads\\\/2022\\\/08\\\/Logo_Experstieve_2.png\",\"contentUrl\":\"https:\\\/\\\/expertise.stieve.com\\\/wp-content\\\/uploads\\\/2022\\\/08\\\/Logo_Experstieve_2.png\",\"width\":202,\"height\":224,\"caption\":\"Experstieve - Equality &amp; Diversity\"},\"image\":{\"@id\":\"https:\\\/\\\/expertise.stieve.com\\\/#\\\/schema\\\/logo\\\/image\\\/\"}}]}<\/script>\n<!-- \/ Yoast SEO plugin. -->","yoast_head_json":{"title":"\u00dcber mich und Experstieve - Experstieve - Equality &amp; Diversity","robots":{"index":"index","follow":"follow","max-snippet":"max-snippet:-1","max-image-preview":"max-image-preview:large","max-video-preview":"max-video-preview:-1"},"canonical":"https:\/\/expertise.stieve.com\/ueber-mich-und-meine-arbeit","og_locale":"en_GB","og_type":"article","og_title":"\u00dcber mich und Experstieve - Experstieve - Equality &amp; Diversity","og_url":"https:\/\/expertise.stieve.com\/ueber-mich-und-meine-arbeit","og_site_name":"Experstieve - Equality &amp; Diversity","article_modified_time":"2026-04-04T14:29:52+00:00","og_image":[{"width":761,"height":400,"url":"https:\/\/expertise.stieve.com\/wp-content\/uploads\/2022\/07\/belinde-ruth-stieve_by_dagmar-morath.png","type":"image\/png"}],"twitter_card":"summary_large_image","twitter_misc":{"Est. reading time":"2 minutes"},"schema":{"@context":"https:\/\/schema.org","@graph":[{"@type":"WebPage","@id":"https:\/\/expertise.stieve.com\/ueber-mich-und-meine-arbeit","url":"https:\/\/expertise.stieve.com\/ueber-mich-und-meine-arbeit","name":"\u00dcber mich und Experstieve - Experstieve - Equality &amp; Diversity","isPartOf":{"@id":"https:\/\/expertise.stieve.com\/#website"},"primaryImageOfPage":{"@id":"https:\/\/expertise.stieve.com\/ueber-mich-und-meine-arbeit#primaryimage"},"image":{"@id":"https:\/\/expertise.stieve.com\/ueber-mich-und-meine-arbeit#primaryimage"},"thumbnailUrl":"https:\/\/expertise.stieve.com\/wp-content\/uploads\/2022\/07\/belinde-ruth-stieve_by_dagmar-morath.png","datePublished":"2022-06-26T10:25:03+00:00","dateModified":"2026-04-04T14:29:52+00:00","breadcrumb":{"@id":"https:\/\/expertise.stieve.com\/ueber-mich-und-meine-arbeit#breadcrumb"},"inLanguage":"en-GB","potentialAction":[{"@type":"ReadAction","target":["https:\/\/expertise.stieve.com\/ueber-mich-und-meine-arbeit"]}]},{"@type":"ImageObject","inLanguage":"en-GB","@id":"https:\/\/expertise.stieve.com\/ueber-mich-und-meine-arbeit#primaryimage","url":"https:\/\/expertise.stieve.com\/wp-content\/uploads\/2022\/07\/belinde-ruth-stieve_by_dagmar-morath.png","contentUrl":"https:\/\/expertise.stieve.com\/wp-content\/uploads\/2022\/07\/belinde-ruth-stieve_by_dagmar-morath.png"},{"@type":"BreadcrumbList","@id":"https:\/\/expertise.stieve.com\/ueber-mich-und-meine-arbeit#breadcrumb","itemListElement":[{"@type":"ListItem","position":1,"name":"Startseite","item":"https:\/\/expertise.stieve.com\/"},{"@type":"ListItem","position":2,"name":"\u00dcber mich und Experstieve"}]},{"@type":"WebSite","@id":"https:\/\/expertise.stieve.com\/#website","url":"https:\/\/expertise.stieve.com\/","name":"Experstieve - Equality &amp; Diversity","description":"Belinde Ruth Stieve","publisher":{"@id":"https:\/\/expertise.stieve.com\/#organization"},"potentialAction":[{"@type":"SearchAction","target":{"@type":"EntryPoint","urlTemplate":"https:\/\/expertise.stieve.com\/?s={search_term_string}"},"query-input":{"@type":"PropertyValueSpecification","valueRequired":true,"valueName":"search_term_string"}}],"inLanguage":"en-GB"},{"@type":"Organization","@id":"https:\/\/expertise.stieve.com\/#organization","name":"Experstieve - Equality &amp; Diversity","url":"https:\/\/expertise.stieve.com\/","logo":{"@type":"ImageObject","inLanguage":"en-GB","@id":"https:\/\/expertise.stieve.com\/#\/schema\/logo\/image\/","url":"https:\/\/expertise.stieve.com\/wp-content\/uploads\/2022\/08\/Logo_Experstieve_2.png","contentUrl":"https:\/\/expertise.stieve.com\/wp-content\/uploads\/2022\/08\/Logo_Experstieve_2.png","width":202,"height":224,"caption":"Experstieve - Equality &amp; Diversity"},"image":{"@id":"https:\/\/expertise.stieve.com\/#\/schema\/logo\/image\/"}}]}},"_links":{"self":[{"href":"https:\/\/expertise.stieve.com\/gb\/wp-json\/wp\/v2\/pages\/17","targetHints":{"allow":["GET"]}}],"collection":[{"href":"https:\/\/expertise.stieve.com\/gb\/wp-json\/wp\/v2\/pages"}],"about":[{"href":"https:\/\/expertise.stieve.com\/gb\/wp-json\/wp\/v2\/types\/page"}],"author":[{"embeddable":true,"href":"https:\/\/expertise.stieve.com\/gb\/wp-json\/wp\/v2\/users\/1"}],"replies":[{"embeddable":true,"href":"https:\/\/expertise.stieve.com\/gb\/wp-json\/wp\/v2\/comments?post=17"}],"version-history":[{"count":106,"href":"https:\/\/expertise.stieve.com\/gb\/wp-json\/wp\/v2\/pages\/17\/revisions"}],"predecessor-version":[{"id":2430,"href":"https:\/\/expertise.stieve.com\/gb\/wp-json\/wp\/v2\/pages\/17\/revisions\/2430"}],"wp:attachment":[{"href":"https:\/\/expertise.stieve.com\/gb\/wp-json\/wp\/v2\/media?parent=17"}],"curies":[{"name":"wp","href":"https:\/\/api.w.org\/{rel}","templated":true}]}}