{"id":222,"date":"2022-07-14T20:12:53","date_gmt":"2022-07-14T20:12:53","guid":{"rendered":"https:\/\/expertise.stieve.com\/?page_id=222"},"modified":"2022-08-22T14:05:51","modified_gmt":"2022-08-22T14:05:51","slug":"impressum","status":"publish","type":"page","link":"https:\/\/expertise.stieve.com\/gb\/impressum","title":{"rendered":"Impressum"},"content":{"rendered":"\n<figure class=\"wp-block-image size-large\"><img loading=\"lazy\" decoding=\"async\" width=\"1024\" height=\"233\" src=\"https:\/\/expertise.stieve.com\/wp-content\/uploads\/2022\/08\/header_experstieve_scm-1024x233.png\" alt=\"\" class=\"wp-image-1060\" srcset=\"https:\/\/expertise.stieve.com\/wp-content\/uploads\/2022\/08\/header_experstieve_scm-1024x233.png 1024w, https:\/\/expertise.stieve.com\/wp-content\/uploads\/2022\/08\/header_experstieve_scm-300x68.png 300w, https:\/\/expertise.stieve.com\/wp-content\/uploads\/2022\/08\/header_experstieve_scm-768x174.png 768w, https:\/\/expertise.stieve.com\/wp-content\/uploads\/2022\/08\/header_experstieve_scm.png 1057w\" sizes=\"auto, (max-width: 1024px) 100vw, 1024px\" \/><\/figure>\n\n\n\n<p>Angaben gem\u00e4\u00df \u00a7 5 TMG:<\/p>\n\n\n\n<p><strong>Expertise.Stieve.com<br><\/strong>Belinde Ruth Stieve<br>kontakt {at} expertise {dot}stieve {dot} com<\/p>\n\n\n\n<p><strong>Verantwortlich f\u00fcr den Inhalt nach \u00a7 55 Abs. 2 RStV: <\/strong>Belinde Ruth Stieve<\/p>\n\n\n\n<p><strong>Haftung f\u00fcr Inhalte<\/strong><\/p>\n\n\n\n<p>Die Inhalte dieser Seiten wurden mit gr\u00f6\u00dfter Sorgfalt erstellt. F\u00fcr die Richtigkeit, Vollst\u00e4ndigkeit und Aktualit\u00e4t der Inhalte kann jedoch keine Gew\u00e4hr \u00fcbernommen werden. Als Diensteanbieterin sind wir gem\u00e4\u00df \u00a7 7 Abs.1 TMG f\u00fcr eigene Inhalte auf diesen Seiten nach den allgemeinen Gesetzen verantwortlich. Nach \u00a7\u00a7 8 bis 10 TMG sind wir als Diensteanbieterin jedoch nicht verpflichtet, \u00fcbermittelte oder gespeicherte fremde Informationen zu \u00fcberwachen oder nach Umst\u00e4nden zu forschen, die auf eine rechtswidrige T\u00e4tigkeit hinweisen. Verpflichtungen zur Entfernung oder Sperrung der Nutzung von Informationen nach den allgemeinen Gesetzen bleiben hiervon unber\u00fchrt. Eine diesbez\u00fcgliche Haftung ist jedoch erst ab dem Zeitpunkt der Kenntnis einer konkreten Rechtsverletzung m\u00f6glich. Bei Bekanntwerden von entsprechenden Rechtsverletzungen werden wir diese Inhalte umgehend entfernen.<\/p>\n\n\n\n<p><strong>Haftung f\u00fcr Links<\/strong><\/p>\n\n\n\n<p>Unser Angebot enth\u00e4lt Links zu externen Webseiten Dritter, auf deren Inhalte wir keinen Einfluss haben. Deshalb k\u00f6nnen wir f\u00fcr diese fremden Inhalte auch keine Gew\u00e4hr \u00fcbernehmen. F\u00fcr die Inhalte der verlinkten Seiten sind stets die jeweiligen Anbieter\/innen oder Betreiber\/innen der Seiten verantwortlich. Die verlinkten Seiten wurden zum Zeitpunkt der Verlinkung auf m\u00f6gliche Rechtsverst\u00f6\u00dfe \u00fcberpr\u00fcft. Rechtswidrige Inhalte waren zum Zeitpunkt der Verlinkung nicht erkennbar. Eine permanente inhaltliche Kontrolle der verlinkten Seiten ist jedoch ohne konkrete Anhaltspunkte einer Rechtsverletzung nicht zumutbar. Bei Bekanntwerden von Rechtsverletzungen werden derartige Links umgehend entfernt.<\/p>\n\n\n\n<p><strong>Urheberrecht<\/strong><\/p>\n\n\n\n<p>Die durch die Seitenbetreiberin erstellten Inhalte und Werke auf diesen Seiten unterliegen dem deutschen Urheberrecht. Die Vervielf\u00e4ltigung, Bearbeitung, Verbreitung und jede Art der Verwertung au\u00dferhalb der Grenzen des Urheberrechtes bed\u00fcrfen der schriftlichen Zustimmung der jeweiligen Autor\/innen bzw. Ersteller\/innen. Downloads und Kopien dieser Seite sind nur f\u00fcr den privaten, nicht kommerziellen Gebrauch gestattet. Soweit die Inhalte auf dieser Seite nicht von der Betreiberin erstellt wurden, werden die Urheberrechte Dritter beachtet. Insbesondere werden Inhalte Dritter als solche gekennzeichnet. Sollten Sie trotzdem auf eine Urheberrechtsverletzung aufmerksam werden, bitten wir um einen entsprechenden Hinweis. Bei Bekanntwerden von Rechtsverletzungen werden wir derartige Inhalte umgehend entfernen.<\/p>\n\n\n\n<p><strong>Widerspruch Werbung<br><\/strong><\/p>\n\n\n\n<p>Der Nutzung von im Rahmen der Impressumspflicht ver\u00f6ffentlichten Kontaktdaten durch Dritte zur \u00dcbersendung von nicht ausdr\u00fccklich angeforderter Werbung und Informationsmaterialien wird hiermit ausdr\u00fccklich widersprochen. Die Betreiberin der Seiten beh\u00e4lt sich ausdr\u00fccklich rechtliche Schritte im Falle der unverlangten Zusendung von Werbeinformationen, etwa durch Spam-Mails, vor.<\/p>\n","protected":false},"excerpt":{"rendered":"<p>Angaben gem\u00e4\u00df \u00a7 5 TMG: Expertise.Stieve.comBelinde Ruth Stievekontakt {at} expertise {dot}stieve {dot} com Verantwortlich f\u00fcr den Inhalt nach \u00a7 55 Abs. 2 RStV: Belinde Ruth Stieve Haftung f\u00fcr Inhalte Die Inhalte dieser Seiten wurden mit gr\u00f6\u00dfter Sorgfalt erstellt. F\u00fcr die Richtigkeit, Vollst\u00e4ndigkeit und Aktualit\u00e4t der Inhalte kann jedoch keine Gew\u00e4hr \u00fcbernommen werden. Als Diensteanbieterin sind [&hellip;]<\/p>\n","protected":false},"author":1,"featured_media":0,"parent":0,"menu_order":0,"comment_status":"closed","ping_status":"closed","template":"","meta":{"iawp_total_views":30,"footnotes":""},"class_list":["post-222","page","type-page","status-publish","czr-hentry"],"translation":{"provider":"WPGlobus","version":"3.0.2","language":"gb","enabled_languages":["de","gb"],"languages":{"de":{"title":true,"content":true,"excerpt":false},"gb":{"title":false,"content":false,"excerpt":false}}},"yoast_head":"<!-- This site is optimized with the Yoast SEO plugin v27.3 - https:\/\/yoast.com\/product\/yoast-seo-wordpress\/ -->\n<title>Impressum - Experstieve - Equality &amp; Diversity<\/title>\n<meta name=\"robots\" content=\"index, follow, max-snippet:-1, max-image-preview:large, max-video-preview:-1\" \/>\n<link rel=\"canonical\" href=\"https:\/\/expertise.stieve.com\/impressum\" \/>\n<meta property=\"og:locale\" content=\"en_GB\" \/>\n<meta property=\"og:type\" content=\"article\" \/>\n<meta property=\"og:title\" content=\"Impressum - Experstieve - Equality &amp; Diversity\" \/>\n<meta property=\"og:url\" content=\"https:\/\/expertise.stieve.com\/impressum\" \/>\n<meta property=\"og:site_name\" content=\"Experstieve - Equality &amp; Diversity\" \/>\n<meta property=\"article:modified_time\" content=\"2022-08-22T14:05:51+00:00\" \/>\n<meta property=\"og:image\" content=\"https:\/\/expertise.stieve.com\/wp-content\/uploads\/2022\/08\/header_experstieve_scm-1024x233.png\" \/>\n<meta name=\"twitter:card\" content=\"summary_large_image\" \/>\n<meta name=\"twitter:label1\" content=\"Est. reading time\" \/>\n\t<meta name=\"twitter:data1\" content=\"2 minutes\" \/>\n<script type=\"application\/ld+json\" class=\"yoast-schema-graph\">{\"@context\":\"https:\\\/\\\/schema.org\",\"@graph\":[{\"@type\":\"WebPage\",\"@id\":\"https:\\\/\\\/expertise.stieve.com\\\/impressum\",\"url\":\"https:\\\/\\\/expertise.stieve.com\\\/impressum\",\"name\":\"Impressum - Experstieve - Equality &amp; Diversity\",\"isPartOf\":{\"@id\":\"https:\\\/\\\/expertise.stieve.com\\\/#website\"},\"primaryImageOfPage\":{\"@id\":\"https:\\\/\\\/expertise.stieve.com\\\/impressum#primaryimage\"},\"image\":{\"@id\":\"https:\\\/\\\/expertise.stieve.com\\\/impressum#primaryimage\"},\"thumbnailUrl\":\"https:\\\/\\\/expertise.stieve.com\\\/wp-content\\\/uploads\\\/2022\\\/08\\\/header_experstieve_scm-1024x233.png\",\"datePublished\":\"2022-07-14T20:12:53+00:00\",\"dateModified\":\"2022-08-22T14:05:51+00:00\",\"breadcrumb\":{\"@id\":\"https:\\\/\\\/expertise.stieve.com\\\/impressum#breadcrumb\"},\"inLanguage\":\"en-GB\",\"potentialAction\":[{\"@type\":\"ReadAction\",\"target\":[\"https:\\\/\\\/expertise.stieve.com\\\/impressum\"]}]},{\"@type\":\"ImageObject\",\"inLanguage\":\"en-GB\",\"@id\":\"https:\\\/\\\/expertise.stieve.com\\\/impressum#primaryimage\",\"url\":\"https:\\\/\\\/expertise.stieve.com\\\/wp-content\\\/uploads\\\/2022\\\/08\\\/header_experstieve_scm-1024x233.png\",\"contentUrl\":\"https:\\\/\\\/expertise.stieve.com\\\/wp-content\\\/uploads\\\/2022\\\/08\\\/header_experstieve_scm-1024x233.png\"},{\"@type\":\"BreadcrumbList\",\"@id\":\"https:\\\/\\\/expertise.stieve.com\\\/impressum#breadcrumb\",\"itemListElement\":[{\"@type\":\"ListItem\",\"position\":1,\"name\":\"Startseite\",\"item\":\"https:\\\/\\\/expertise.stieve.com\\\/\"},{\"@type\":\"ListItem\",\"position\":2,\"name\":\"Impressum\"}]},{\"@type\":\"WebSite\",\"@id\":\"https:\\\/\\\/expertise.stieve.com\\\/#website\",\"url\":\"https:\\\/\\\/expertise.stieve.com\\\/\",\"name\":\"Experstieve - Equality &amp; Diversity\",\"description\":\"Belinde Ruth Stieve\",\"publisher\":{\"@id\":\"https:\\\/\\\/expertise.stieve.com\\\/#organization\"},\"potentialAction\":[{\"@type\":\"SearchAction\",\"target\":{\"@type\":\"EntryPoint\",\"urlTemplate\":\"https:\\\/\\\/expertise.stieve.com\\\/?s={search_term_string}\"},\"query-input\":{\"@type\":\"PropertyValueSpecification\",\"valueRequired\":true,\"valueName\":\"search_term_string\"}}],\"inLanguage\":\"en-GB\"},{\"@type\":\"Organization\",\"@id\":\"https:\\\/\\\/expertise.stieve.com\\\/#organization\",\"name\":\"Experstieve - Equality &amp; Diversity\",\"url\":\"https:\\\/\\\/expertise.stieve.com\\\/\",\"logo\":{\"@type\":\"ImageObject\",\"inLanguage\":\"en-GB\",\"@id\":\"https:\\\/\\\/expertise.stieve.com\\\/#\\\/schema\\\/logo\\\/image\\\/\",\"url\":\"https:\\\/\\\/expertise.stieve.com\\\/wp-content\\\/uploads\\\/2022\\\/08\\\/Logo_Experstieve_2.png\",\"contentUrl\":\"https:\\\/\\\/expertise.stieve.com\\\/wp-content\\\/uploads\\\/2022\\\/08\\\/Logo_Experstieve_2.png\",\"width\":202,\"height\":224,\"caption\":\"Experstieve - Equality &amp; Diversity\"},\"image\":{\"@id\":\"https:\\\/\\\/expertise.stieve.com\\\/#\\\/schema\\\/logo\\\/image\\\/\"}}]}<\/script>\n<!-- \/ Yoast SEO plugin. -->","yoast_head_json":{"title":"Impressum - Experstieve - Equality &amp; Diversity","robots":{"index":"index","follow":"follow","max-snippet":"max-snippet:-1","max-image-preview":"max-image-preview:large","max-video-preview":"max-video-preview:-1"},"canonical":"https:\/\/expertise.stieve.com\/impressum","og_locale":"en_GB","og_type":"article","og_title":"Impressum - Experstieve - Equality &amp; Diversity","og_url":"https:\/\/expertise.stieve.com\/impressum","og_site_name":"Experstieve - Equality &amp; Diversity","article_modified_time":"2022-08-22T14:05:51+00:00","og_image":[{"url":"https:\/\/expertise.stieve.com\/wp-content\/uploads\/2022\/08\/header_experstieve_scm-1024x233.png","type":"","width":"","height":""}],"twitter_card":"summary_large_image","twitter_misc":{"Est. reading time":"2 minutes"},"schema":{"@context":"https:\/\/schema.org","@graph":[{"@type":"WebPage","@id":"https:\/\/expertise.stieve.com\/impressum","url":"https:\/\/expertise.stieve.com\/impressum","name":"Impressum - Experstieve - Equality &amp; Diversity","isPartOf":{"@id":"https:\/\/expertise.stieve.com\/#website"},"primaryImageOfPage":{"@id":"https:\/\/expertise.stieve.com\/impressum#primaryimage"},"image":{"@id":"https:\/\/expertise.stieve.com\/impressum#primaryimage"},"thumbnailUrl":"https:\/\/expertise.stieve.com\/wp-content\/uploads\/2022\/08\/header_experstieve_scm-1024x233.png","datePublished":"2022-07-14T20:12:53+00:00","dateModified":"2022-08-22T14:05:51+00:00","breadcrumb":{"@id":"https:\/\/expertise.stieve.com\/impressum#breadcrumb"},"inLanguage":"en-GB","potentialAction":[{"@type":"ReadAction","target":["https:\/\/expertise.stieve.com\/impressum"]}]},{"@type":"ImageObject","inLanguage":"en-GB","@id":"https:\/\/expertise.stieve.com\/impressum#primaryimage","url":"https:\/\/expertise.stieve.com\/wp-content\/uploads\/2022\/08\/header_experstieve_scm-1024x233.png","contentUrl":"https:\/\/expertise.stieve.com\/wp-content\/uploads\/2022\/08\/header_experstieve_scm-1024x233.png"},{"@type":"BreadcrumbList","@id":"https:\/\/expertise.stieve.com\/impressum#breadcrumb","itemListElement":[{"@type":"ListItem","position":1,"name":"Startseite","item":"https:\/\/expertise.stieve.com\/"},{"@type":"ListItem","position":2,"name":"Impressum"}]},{"@type":"WebSite","@id":"https:\/\/expertise.stieve.com\/#website","url":"https:\/\/expertise.stieve.com\/","name":"Experstieve - Equality &amp; Diversity","description":"Belinde Ruth Stieve","publisher":{"@id":"https:\/\/expertise.stieve.com\/#organization"},"potentialAction":[{"@type":"SearchAction","target":{"@type":"EntryPoint","urlTemplate":"https:\/\/expertise.stieve.com\/?s={search_term_string}"},"query-input":{"@type":"PropertyValueSpecification","valueRequired":true,"valueName":"search_term_string"}}],"inLanguage":"en-GB"},{"@type":"Organization","@id":"https:\/\/expertise.stieve.com\/#organization","name":"Experstieve - Equality &amp; Diversity","url":"https:\/\/expertise.stieve.com\/","logo":{"@type":"ImageObject","inLanguage":"en-GB","@id":"https:\/\/expertise.stieve.com\/#\/schema\/logo\/image\/","url":"https:\/\/expertise.stieve.com\/wp-content\/uploads\/2022\/08\/Logo_Experstieve_2.png","contentUrl":"https:\/\/expertise.stieve.com\/wp-content\/uploads\/2022\/08\/Logo_Experstieve_2.png","width":202,"height":224,"caption":"Experstieve - Equality &amp; Diversity"},"image":{"@id":"https:\/\/expertise.stieve.com\/#\/schema\/logo\/image\/"}}]}},"_links":{"self":[{"href":"https:\/\/expertise.stieve.com\/gb\/wp-json\/wp\/v2\/pages\/222","targetHints":{"allow":["GET"]}}],"collection":[{"href":"https:\/\/expertise.stieve.com\/gb\/wp-json\/wp\/v2\/pages"}],"about":[{"href":"https:\/\/expertise.stieve.com\/gb\/wp-json\/wp\/v2\/types\/page"}],"author":[{"embeddable":true,"href":"https:\/\/expertise.stieve.com\/gb\/wp-json\/wp\/v2\/users\/1"}],"replies":[{"embeddable":true,"href":"https:\/\/expertise.stieve.com\/gb\/wp-json\/wp\/v2\/comments?post=222"}],"version-history":[{"count":6,"href":"https:\/\/expertise.stieve.com\/gb\/wp-json\/wp\/v2\/pages\/222\/revisions"}],"predecessor-version":[{"id":1062,"href":"https:\/\/expertise.stieve.com\/gb\/wp-json\/wp\/v2\/pages\/222\/revisions\/1062"}],"wp:attachment":[{"href":"https:\/\/expertise.stieve.com\/gb\/wp-json\/wp\/v2\/media?parent=222"}],"curies":[{"name":"wp","href":"https:\/\/api.w.org\/{rel}","templated":true}]}}