{"id":50,"date":"2022-06-26T14:11:50","date_gmt":"2022-06-26T14:11:50","guid":{"rendered":"https:\/\/expertise.stieve.com\/?page_id=50"},"modified":"2026-04-04T11:28:14","modified_gmt":"2026-04-04T11:28:14","slug":"angebote","status":"publish","type":"page","link":"https:\/\/expertise.stieve.com\/gb\/angebote","title":{"rendered":"Was kann ich f\u00fcr Sie tun?"},"content":{"rendered":"\n<figure class=\"wp-block-image size-large\"><img loading=\"lazy\" decoding=\"async\" width=\"1024\" height=\"233\" src=\"https:\/\/expertise.stieve.com\/wp-content\/uploads\/2024\/10\/header_experstieve_angebote-1024x233.png\" alt=\"\" class=\"wp-image-2056\" srcset=\"https:\/\/expertise.stieve.com\/wp-content\/uploads\/2024\/10\/header_experstieve_angebote-1024x233.png 1024w, https:\/\/expertise.stieve.com\/wp-content\/uploads\/2024\/10\/header_experstieve_angebote-300x68.png 300w, https:\/\/expertise.stieve.com\/wp-content\/uploads\/2024\/10\/header_experstieve_angebote-768x174.png 768w, https:\/\/expertise.stieve.com\/wp-content\/uploads\/2024\/10\/header_experstieve_angebote.png 1057w\" sizes=\"auto, (max-width: 1024px) 100vw, 1024px\" \/><\/figure>\n\n\n\n<h4 class=\"wp-block-heading\">Sehr gerne kann ich auch f\u00fcr Sie arbeiten.<\/h4>\n\n\n\n<p>Mit <strong>Experstieve<\/strong> biete ich Ihnen <a href=\"https:\/\/expertise.stieve.com\/analysen\" data-type=\"page\" data-id=\"448\">Analysen<\/a>, <a href=\"https:\/\/expertise.stieve.com\/vortraege\" data-type=\"page\" data-id=\"450\">Vortr\u00e4ge<\/a>, Interviews und Panelteilnahmen, Keynotes und Impulsvortr\u00e4ge zu verschiedenen Themen schwerpunktm\u00e4\u00dfig in der Filmbranche, aber auch in anderen Feldern. Sie finden Beispiele unter <a href=\"https:\/\/expertise.stieve.com\/neuigkeiten\">Neuigkeiten<\/a>.<\/p>\n\n\n\n<p>Desweiteren konzipiere ich f\u00fcr Sie&nbsp; <a href=\"https:\/\/expertise.stieve.com\/neropa-workshops\" data-type=\"page\" data-id=\"461\">Workshops<\/a> zur NEROPA Neutrale Rollen Parit\u00e4t Methode, meinem neuen Ansatz #waswennsieLEBT&nbsp; und auch anderen Bereichen meiner Arbeit.<\/p>\n\n\n\n<p>Au\u00dferdem berate ich Sie gerne in Gleichberechtigungs- und Vielfaltfragen, sei es in Ihrem n\u00e4chsten Filmprojekt, Ihrem Webauftritt, Ihrem Game, ihrem Roman und anderen Entwicklungen.<\/p>\n\n\n\n<p><a href=\"https:\/\/expertise.stieve.com\/kontakt\">Melden Sie sich gerne<\/a>, und wir besprechen alles weitere!<\/p>\n","protected":false},"excerpt":{"rendered":"<p>Sehr gerne kann ich auch f\u00fcr Sie arbeiten. Mit Experstieve biete ich Ihnen Analysen, Vortr\u00e4ge, Interviews und Panelteilnahmen, Keynotes und Impulsvortr\u00e4ge zu verschiedenen Themen schwerpunktm\u00e4\u00dfig in der Filmbranche, aber auch in anderen Feldern. Sie finden Beispiele unter Neuigkeiten. Desweiteren konzipiere ich f\u00fcr Sie&nbsp; Workshops zur NEROPA Neutrale Rollen Parit\u00e4t Methode, meinem neuen Ansatz #waswennsieLEBT&nbsp; und [&hellip;]<\/p>\n","protected":false},"author":1,"featured_media":0,"parent":0,"menu_order":0,"comment_status":"closed","ping_status":"closed","template":"","meta":{"iawp_total_views":19,"footnotes":""},"class_list":["post-50","page","type-page","status-publish","czr-hentry"],"translation":{"provider":"WPGlobus","version":"3.0.2","language":"gb","enabled_languages":["de","gb"],"languages":{"de":{"title":true,"content":true,"excerpt":false},"gb":{"title":false,"content":false,"excerpt":false}}},"yoast_head":"<!-- This site is optimized with the Yoast SEO plugin v27.3 - https:\/\/yoast.com\/product\/yoast-seo-wordpress\/ -->\n<title>Was kann ich f\u00fcr Sie tun? - Experstieve - Equality &amp; Diversity<\/title>\n<meta name=\"robots\" content=\"index, follow, max-snippet:-1, max-image-preview:large, max-video-preview:-1\" \/>\n<link rel=\"canonical\" href=\"https:\/\/expertise.stieve.com\/angebote\" \/>\n<meta property=\"og:locale\" content=\"en_GB\" \/>\n<meta property=\"og:type\" content=\"article\" \/>\n<meta property=\"og:title\" content=\"Was kann ich f\u00fcr Sie tun? - Experstieve - Equality &amp; Diversity\" \/>\n<meta property=\"og:url\" content=\"https:\/\/expertise.stieve.com\/angebote\" \/>\n<meta property=\"og:site_name\" content=\"Experstieve - Equality &amp; Diversity\" \/>\n<meta property=\"article:modified_time\" content=\"2026-04-04T11:28:14+00:00\" \/>\n<meta property=\"og:image\" content=\"https:\/\/expertise.stieve.com\/wp-content\/uploads\/2024\/10\/header_experstieve_angebote.png\" \/>\n\t<meta property=\"og:image:width\" content=\"1057\" \/>\n\t<meta property=\"og:image:height\" content=\"240\" \/>\n\t<meta property=\"og:image:type\" content=\"image\/png\" \/>\n<meta name=\"twitter:card\" content=\"summary_large_image\" \/>\n<meta name=\"twitter:label1\" content=\"Est. reading time\" \/>\n\t<meta name=\"twitter:data1\" content=\"1 minute\" \/>\n<script type=\"application\/ld+json\" class=\"yoast-schema-graph\">{\"@context\":\"https:\\\/\\\/schema.org\",\"@graph\":[{\"@type\":\"WebPage\",\"@id\":\"https:\\\/\\\/expertise.stieve.com\\\/angebote\",\"url\":\"https:\\\/\\\/expertise.stieve.com\\\/angebote\",\"name\":\"Was kann ich f\u00fcr Sie tun? - Experstieve - Equality &amp; Diversity\",\"isPartOf\":{\"@id\":\"https:\\\/\\\/expertise.stieve.com\\\/#website\"},\"primaryImageOfPage\":{\"@id\":\"https:\\\/\\\/expertise.stieve.com\\\/angebote#primaryimage\"},\"image\":{\"@id\":\"https:\\\/\\\/expertise.stieve.com\\\/angebote#primaryimage\"},\"thumbnailUrl\":\"https:\\\/\\\/expertise.stieve.com\\\/wp-content\\\/uploads\\\/2024\\\/10\\\/header_experstieve_angebote-1024x233.png\",\"datePublished\":\"2022-06-26T14:11:50+00:00\",\"dateModified\":\"2026-04-04T11:28:14+00:00\",\"breadcrumb\":{\"@id\":\"https:\\\/\\\/expertise.stieve.com\\\/angebote#breadcrumb\"},\"inLanguage\":\"en-GB\",\"potentialAction\":[{\"@type\":\"ReadAction\",\"target\":[\"https:\\\/\\\/expertise.stieve.com\\\/angebote\"]}]},{\"@type\":\"ImageObject\",\"inLanguage\":\"en-GB\",\"@id\":\"https:\\\/\\\/expertise.stieve.com\\\/angebote#primaryimage\",\"url\":\"https:\\\/\\\/expertise.stieve.com\\\/wp-content\\\/uploads\\\/2024\\\/10\\\/header_experstieve_angebote-1024x233.png\",\"contentUrl\":\"https:\\\/\\\/expertise.stieve.com\\\/wp-content\\\/uploads\\\/2024\\\/10\\\/header_experstieve_angebote-1024x233.png\"},{\"@type\":\"BreadcrumbList\",\"@id\":\"https:\\\/\\\/expertise.stieve.com\\\/angebote#breadcrumb\",\"itemListElement\":[{\"@type\":\"ListItem\",\"position\":1,\"name\":\"Startseite\",\"item\":\"https:\\\/\\\/expertise.stieve.com\\\/\"},{\"@type\":\"ListItem\",\"position\":2,\"name\":\"Was kann ich f\u00fcr Sie tun?\"}]},{\"@type\":\"WebSite\",\"@id\":\"https:\\\/\\\/expertise.stieve.com\\\/#website\",\"url\":\"https:\\\/\\\/expertise.stieve.com\\\/\",\"name\":\"Experstieve - Equality &amp; Diversity\",\"description\":\"Belinde Ruth Stieve\",\"publisher\":{\"@id\":\"https:\\\/\\\/expertise.stieve.com\\\/#organization\"},\"potentialAction\":[{\"@type\":\"SearchAction\",\"target\":{\"@type\":\"EntryPoint\",\"urlTemplate\":\"https:\\\/\\\/expertise.stieve.com\\\/?s={search_term_string}\"},\"query-input\":{\"@type\":\"PropertyValueSpecification\",\"valueRequired\":true,\"valueName\":\"search_term_string\"}}],\"inLanguage\":\"en-GB\"},{\"@type\":\"Organization\",\"@id\":\"https:\\\/\\\/expertise.stieve.com\\\/#organization\",\"name\":\"Experstieve - Equality &amp; Diversity\",\"url\":\"https:\\\/\\\/expertise.stieve.com\\\/\",\"logo\":{\"@type\":\"ImageObject\",\"inLanguage\":\"en-GB\",\"@id\":\"https:\\\/\\\/expertise.stieve.com\\\/#\\\/schema\\\/logo\\\/image\\\/\",\"url\":\"https:\\\/\\\/expertise.stieve.com\\\/wp-content\\\/uploads\\\/2022\\\/08\\\/Logo_Experstieve_2.png\",\"contentUrl\":\"https:\\\/\\\/expertise.stieve.com\\\/wp-content\\\/uploads\\\/2022\\\/08\\\/Logo_Experstieve_2.png\",\"width\":202,\"height\":224,\"caption\":\"Experstieve - Equality &amp; Diversity\"},\"image\":{\"@id\":\"https:\\\/\\\/expertise.stieve.com\\\/#\\\/schema\\\/logo\\\/image\\\/\"}}]}<\/script>\n<!-- \/ Yoast SEO plugin. -->","yoast_head_json":{"title":"Was kann ich f\u00fcr Sie tun? - Experstieve - Equality &amp; Diversity","robots":{"index":"index","follow":"follow","max-snippet":"max-snippet:-1","max-image-preview":"max-image-preview:large","max-video-preview":"max-video-preview:-1"},"canonical":"https:\/\/expertise.stieve.com\/angebote","og_locale":"en_GB","og_type":"article","og_title":"Was kann ich f\u00fcr Sie tun? - Experstieve - Equality &amp; Diversity","og_url":"https:\/\/expertise.stieve.com\/angebote","og_site_name":"Experstieve - Equality &amp; Diversity","article_modified_time":"2026-04-04T11:28:14+00:00","og_image":[{"width":1057,"height":240,"url":"https:\/\/expertise.stieve.com\/wp-content\/uploads\/2024\/10\/header_experstieve_angebote.png","type":"image\/png"}],"twitter_card":"summary_large_image","twitter_misc":{"Est. reading time":"1 minute"},"schema":{"@context":"https:\/\/schema.org","@graph":[{"@type":"WebPage","@id":"https:\/\/expertise.stieve.com\/angebote","url":"https:\/\/expertise.stieve.com\/angebote","name":"Was kann ich f\u00fcr Sie tun? - Experstieve - Equality &amp; Diversity","isPartOf":{"@id":"https:\/\/expertise.stieve.com\/#website"},"primaryImageOfPage":{"@id":"https:\/\/expertise.stieve.com\/angebote#primaryimage"},"image":{"@id":"https:\/\/expertise.stieve.com\/angebote#primaryimage"},"thumbnailUrl":"https:\/\/expertise.stieve.com\/wp-content\/uploads\/2024\/10\/header_experstieve_angebote-1024x233.png","datePublished":"2022-06-26T14:11:50+00:00","dateModified":"2026-04-04T11:28:14+00:00","breadcrumb":{"@id":"https:\/\/expertise.stieve.com\/angebote#breadcrumb"},"inLanguage":"en-GB","potentialAction":[{"@type":"ReadAction","target":["https:\/\/expertise.stieve.com\/angebote"]}]},{"@type":"ImageObject","inLanguage":"en-GB","@id":"https:\/\/expertise.stieve.com\/angebote#primaryimage","url":"https:\/\/expertise.stieve.com\/wp-content\/uploads\/2024\/10\/header_experstieve_angebote-1024x233.png","contentUrl":"https:\/\/expertise.stieve.com\/wp-content\/uploads\/2024\/10\/header_experstieve_angebote-1024x233.png"},{"@type":"BreadcrumbList","@id":"https:\/\/expertise.stieve.com\/angebote#breadcrumb","itemListElement":[{"@type":"ListItem","position":1,"name":"Startseite","item":"https:\/\/expertise.stieve.com\/"},{"@type":"ListItem","position":2,"name":"Was kann ich f\u00fcr Sie tun?"}]},{"@type":"WebSite","@id":"https:\/\/expertise.stieve.com\/#website","url":"https:\/\/expertise.stieve.com\/","name":"Experstieve - Equality &amp; Diversity","description":"Belinde Ruth Stieve","publisher":{"@id":"https:\/\/expertise.stieve.com\/#organization"},"potentialAction":[{"@type":"SearchAction","target":{"@type":"EntryPoint","urlTemplate":"https:\/\/expertise.stieve.com\/?s={search_term_string}"},"query-input":{"@type":"PropertyValueSpecification","valueRequired":true,"valueName":"search_term_string"}}],"inLanguage":"en-GB"},{"@type":"Organization","@id":"https:\/\/expertise.stieve.com\/#organization","name":"Experstieve - Equality &amp; Diversity","url":"https:\/\/expertise.stieve.com\/","logo":{"@type":"ImageObject","inLanguage":"en-GB","@id":"https:\/\/expertise.stieve.com\/#\/schema\/logo\/image\/","url":"https:\/\/expertise.stieve.com\/wp-content\/uploads\/2022\/08\/Logo_Experstieve_2.png","contentUrl":"https:\/\/expertise.stieve.com\/wp-content\/uploads\/2022\/08\/Logo_Experstieve_2.png","width":202,"height":224,"caption":"Experstieve - Equality &amp; Diversity"},"image":{"@id":"https:\/\/expertise.stieve.com\/#\/schema\/logo\/image\/"}}]}},"_links":{"self":[{"href":"https:\/\/expertise.stieve.com\/gb\/wp-json\/wp\/v2\/pages\/50","targetHints":{"allow":["GET"]}}],"collection":[{"href":"https:\/\/expertise.stieve.com\/gb\/wp-json\/wp\/v2\/pages"}],"about":[{"href":"https:\/\/expertise.stieve.com\/gb\/wp-json\/wp\/v2\/types\/page"}],"author":[{"embeddable":true,"href":"https:\/\/expertise.stieve.com\/gb\/wp-json\/wp\/v2\/users\/1"}],"replies":[{"embeddable":true,"href":"https:\/\/expertise.stieve.com\/gb\/wp-json\/wp\/v2\/comments?post=50"}],"version-history":[{"count":17,"href":"https:\/\/expertise.stieve.com\/gb\/wp-json\/wp\/v2\/pages\/50\/revisions"}],"predecessor-version":[{"id":2409,"href":"https:\/\/expertise.stieve.com\/gb\/wp-json\/wp\/v2\/pages\/50\/revisions\/2409"}],"wp:attachment":[{"href":"https:\/\/expertise.stieve.com\/gb\/wp-json\/wp\/v2\/media?parent=50"}],"curies":[{"name":"wp","href":"https:\/\/api.w.org\/{rel}","templated":true}]}}